{"id":1062,"date":"2023-07-01T15:50:26","date_gmt":"2023-07-01T15:50:26","guid":{"rendered":"https:\/\/bznd.org\/WordpressInstallationsVZ\/?page_id=1062"},"modified":"2023-12-12T13:14:33","modified_gmt":"2023-12-12T13:14:33","slug":"newsletter","status":"publish","type":"page","link":"https:\/\/bznd.org\/index.php\/newsletter\/","title":{"rendered":"Newsletter"},"content":{"rendered":"<div class=\"fusion-fullwidth fullwidth-box fusion-builder-row-1 fusion-flex-container hundred-percent-fullwidth non-hundred-percent-height-scrolling\" style=\"--awb-border-radius-top-left:0px;--awb-border-radius-top-right:0px;--awb-border-radius-bottom-right:0px;--awb-border-radius-bottom-left:0px;--awb-padding-top:0px;--awb-padding-right:0px;--awb-padding-bottom:0px;--awb-padding-left:0px;--awb-padding-bottom-medium:0px;--awb-padding-bottom-small:0px;--awb-margin-top:0px;--awb-margin-bottom:0px;--awb-margin-bottom-medium:11px;--awb-margin-bottom-small:4px;--awb-background-color:rgba(255,255,255,0);--awb-flex-wrap:wrap;\" ><div class=\"fusion-builder-row fusion-row fusion-flex-align-items-stretch fusion-flex-content-wrap\" style=\"width:calc( 100% + 0px ) !important;max-width:calc( 100% + 0px ) !important;margin-left: calc(-0px \/ 2 );margin-right: calc(-0px \/ 2 );\"><div class=\"fusion-layout-column fusion_builder_column fusion-builder-column-0 fusion_builder_column_1_1 1_1 fusion-flex-column\" style=\"--awb-padding-top:100px;--awb-padding-right:6%;--awb-padding-bottom:457px;--awb-padding-left:6%;--awb-padding-top-medium:60px;--awb-padding-bottom-medium:426px;--awb-bg-blend:overlay;--awb-bg-size:cover;--awb-width-large:100%;--awb-margin-top-large:0px;--awb-spacing-right-large:0px;--awb-margin-bottom-large:21px;--awb-spacing-left-large:0px;--awb-width-medium:100%;--awb-order-medium:1;--awb-spacing-right-medium:0px;--awb-margin-bottom-medium:0px;--awb-spacing-left-medium:0px;--awb-width-small:100%;--awb-order-small:1;--awb-spacing-right-small:0px;--awb-spacing-left-small:0px;\"><div class=\"fusion-column-wrapper fusion-flex-justify-content-flex-start fusion-content-layout-column\">\n<p><DIV class=\"vereinonlineplugin\" id=\"vereinonlinesubmit\" url=\"https:\/\/www.vereinonline.org\/BZND\/\">Ich m\u00f6chte mich f\u00fcr den Newsletter anmelden.<BR><BR><FORM id=\"form1\" action=\".\/\" name=\"form1\" method=\"POST\" enctype=\"multipart\/form-data\" accept-charset=\"iso-8859-1\" autocomplete=\"new-password\"><input style=\"display:none\" type=\"text\" name=\"fakeusernameremembered\" autocomplete=\"off\" tabindex=\"-1\"\/><input style=\"display:none\" type=\"password\" name=\"fakepasswordremembered\" autocomplete=\"off\" tabindex=\"-1\"\/><INPUT type=\"hidden\" id=\"action\" name=\"action\" value=\"members_subscribe\"><INPUT type=\"hidden\" id=\"cmd\" name=\"cmd\" value=\"save\"><INPUT type=\"hidden\" id=\"dialog\" name=\"dialog\" value=\"4\"><\/p>\n<div class=\"fieldgroup rowgrp2819\">\n<div class=\"fieldlabel\"><label for=\"grp2819\">Auswahl Newsletter:<\/label><\/div>\n<div class=\"fieldcontrol\"><INPUT type=\"hidden\" id=\"check_grp2819\" name=\"check_grp2819\" value=\"1\"><INPUT id=\"grp2819\" name=\"grp2819\" type=\"checkbox\" value=\"1\" onclick=\"javascript:\">LiLeVi Newsletter<DIV class=\"fieldinfo\" style=\"display:block;padding-top:2px;\"><DIV style=\"padding-left:20px\">Informationen zum aktuellen Entwicklungsstand der LiLeVi Plattform<\/DIV><\/DIV> <\/div>\n<p> <\/p>\n<div style=\"clear:left;\"><\/div>\n<\/div>\n<p> <\/p>\n<div class=\"fieldgroup rowgrp5548\">\n<div class=\"fieldlabel\"><\/div>\n<div class=\"fieldcontrol\"><INPUT type=\"hidden\" id=\"check_grp5548\" name=\"check_grp5548\" value=\"1\"><INPUT id=\"grp5548\" name=\"grp5548\" type=\"checkbox\" value=\"1\" onclick=\"javascript:\">BZND e.V. Newsletter<DIV class=\"fieldinfo\" style=\"display:block;padding-top:2px;\"><DIV style=\"padding-left:20px\"><\/DIV><\/DIV> <\/div>\n<p> <\/p>\n<div style=\"clear:left;\"><\/div>\n<\/div>\n<p> <\/p>\n<div class=\"fieldgroup rowgrp5805\">\n<div class=\"fieldlabel\"><\/div>\n<div class=\"fieldcontrol\"><INPUT type=\"hidden\" id=\"check_grp5805\" name=\"check_grp5805\" value=\"1\"><INPUT id=\"grp5805\" name=\"grp5805\" type=\"checkbox\" value=\"1\" onclick=\"javascript:\">LiLeVi Newsletter (English Version)<DIV class=\"fieldinfo\" style=\"display:block;padding-top:2px;\"><DIV style=\"padding-left:20px\">Stay informed about the development of the LiLeVi housing platform<\/DIV><\/DIV> <\/div>\n<p> <\/p>\n<div style=\"clear:left;\"><\/div>\n<\/div>\n<p> <\/p>\n<div class=\"fieldgroup rowgemail\">\n<div class=\"fieldlabel\"><label for=\"g_email\">E-Mail *:<\/label><\/div>\n<div class=\"fieldcontrol\"><INPUT name=\"g_email\" id=\"g_email\" type=\"email\" value=\"\" placeholder=\"\" autocomplete=\"new-password\" class=\"form-control input\"> <\/div>\n<p> <\/p>\n<div style=\"clear:left;\"><\/div>\n<\/div>\n<p> <\/p>\n<div class=\"fieldgroup rowcaptcha\">\n<div class=\"fieldlabel\">Spam-Schutz:<\/div>\n<div class=\"fieldcontrol\"><DIV>Bitte geben Sie die folgende Nummer ein: <DIV class=\"captcha\"><IMG SRC=\"https:\/\/www.vereinonline.org\/admin\/img\/DQ.gif\" ALIGN=\"bottom\" WIDTH=\"18\" HEIGHT=\"20\"><IMG SRC=\"https:\/\/www.vereinonline.org\/admin\/img\/AN.gif\" ALIGN=\"bottom\" WIDTH=\"18\" HEIGHT=\"20\"><IMG SRC=\"https:\/\/www.vereinonline.org\/admin\/img\/GT.gif\" ALIGN=\"bottom\" WIDTH=\"18\" HEIGHT=\"20\"><IMG SRC=\"https:\/\/www.vereinonline.org\/admin\/img\/ER.gif\" ALIGN=\"bottom\" WIDTH=\"18\" HEIGHT=\"20\"><IMG SRC=\"https:\/\/www.vereinonline.org\/admin\/img\/HU.gif\" ALIGN=\"bottom\" WIDTH=\"18\" HEIGHT=\"20\"><\/DIV><\/DIV><INPUT name=\"check1\" id=\"check1\" type=\"text\" value=\"\" size=\"4\" class=\"form-control\" style=\"width:80px;;display:inline;margin-right:6px;\"><INPUT type=\"hidden\" id=\"check2\" name=\"check2\" value=\"69352584585158223710516\"> <\/div>\n<p> <\/p>\n<div style=\"clear:left;\"><\/div>\n<\/div>\n<p> <\/p>\n<div class=\"fieldgroup\">\n<div class=\"fieldcontrolfull\">\n<div class=\"fieldgroup rowdatenschutz\">\n<div class=\"fieldlabel\"><\/div>\n<div class=\"fieldcontrol\"><INPUT type=\"hidden\" id=\"check_einwilligung1\" name=\"check_einwilligung1\" value=\"1\"><INPUT id=\"einwilligung1\" name=\"einwilligung1\" type=\"checkbox\" value=\"1\" onclick=\"javascript:\"><SPAN class=\"required\" style=\"padding: 0 5px 0 0;\"><\/SPAN><SPAN class=\"datenschutz\">Ich stimme zu, dass meine Angaben aus dem Formular zur Abwicklung des Newsletter-Versands erhoben und verarbeitet werden.<BR><\/SPAN><\/div>\n<div style=\"clear:left;\"><\/div>\n<\/div>\n<div class=\"fieldgroup rowdatenschutz\">\n<div class=\"fieldlabel\"><\/div>\n<div class=\"fieldcontrol\">Detaillierte Informationen zum Umgang mit Nutzerdaten finden Sie in unserer <A HREF=\"https:\/\/www.vereinonline.org\/BZND\/?datenschutz\" TARGET=\"new\"><U>Datenschutzerkl\u00e4rung<\/U><\/A>. Sie k\u00f6nnen diese Einwilligung jederzeit <A HREF=\"https:\/\/www.vereinonline.org\/BZND\/?unsubscribe\" TARGET=\"_new\"><U>widerrufen<\/U><\/A>.<\/div>\n<div style=\"clear:left;\"><\/div>\n<\/div><\/div>\n<p> <\/p>\n<div style=\"clear:left;\"><\/div>\n<\/div>\n<p> <INPUT type=\"hidden\" id=\"gruppe\" name=\"gruppe\" value=\"\"><\/FORM><DIV class=\"line\"><\/DIV><DIV class=\"buttonline\"><DIV class=\"buttonitem\"><DIV class=\"button buttonstandard\"  title=\"Jetzt eintragen\" alt=\"Jetzt eintragen\"><A HREF=\"#\" onclick=\"javascript:if(!CheckEinwilligung('Bitte best\u00e4tigen Sie, dass Sie unsere Datenschutzerkl\u00e4rung zur Kenntnis genommen haben.', 'einwilligung1'))return false;WPFormSubmit('vereinonlinesubmit','form1');\" class=\"buttononce\">Jetzt eintragen<\/A><\/DIV><\/DIV><DIV class=\"buttonitem\" style=\"\"><DIV class=\"button buttonstandard\"><A HREF=\"https:\/\/www.vereinonline.org\/BZND\/?action=members_subscribe&#038;cmd=info&#038;dialog=1\" TARGET=\"_new\" class=\"weblink\">Infos<\/A><\/DIV><\/DIV><DIV class=\"buttonitem\" style=\"\"><\/DIV><DIV class=\"buttonitem\" style=\"\"><\/DIV><DIV style=\"clear:left;\"><\/DIV><\/DIV><\/DIV><\/p>\n<div class=\"fusion-separator fusion-full-width-sep\" style=\"align-self: center;margin-left: auto;margin-right: auto;margin-top:7px;width:100%;\"><\/div><\/div><\/div><\/div><\/div>\n","protected":false},"excerpt":{"rendered":"","protected":false},"author":13,"featured_media":0,"parent":0,"menu_order":0,"comment_status":"closed","ping_status":"closed","template":"100-width.php","meta":{"footnotes":""},"class_list":["post-1062","page","type-page","status-publish","hentry"],"yoast_head":"\n<title>Newsletter - BZND Zentrum f\u00fcr Neurodiversit\u00e4t e.V.<\/title>\n<meta name=\"robots\" content=\"index, follow, max-snippet:-1, max-image-preview:large, max-video-preview:-1\" \/>\n<link rel=\"canonical\" href=\"https:\/\/bznd.org\/index.php\/newsletter\/\" \/>\n<meta property=\"og:locale\" content=\"de_DE\" \/>\n<meta property=\"og:type\" content=\"article\" \/>\n<meta property=\"og:title\" content=\"Newsletter - BZND Zentrum f\u00fcr Neurodiversit\u00e4t e.V.\" \/>\n<meta property=\"og:url\" content=\"https:\/\/bznd.org\/index.php\/newsletter\/\" \/>\n<meta property=\"og:site_name\" content=\"BZND Zentrum f\u00fcr Neurodiversit\u00e4t e.V.\" \/>\n<meta property=\"article:modified_time\" content=\"2023-12-12T13:14:33+00:00\" \/>\n<meta name=\"twitter:card\" content=\"summary_large_image\" \/>\n<meta name=\"twitter:label1\" content=\"Gesch\u00e4tzte Lesezeit\" \/>\n\t<meta name=\"twitter:data1\" content=\"1\u00a0Minute\" \/>\n<script type=\"application\/ld+json\" class=\"yoast-schema-graph\">{\"@context\":\"https:\\\/\\\/schema.org\",\"@graph\":[{\"@type\":\"WebPage\",\"@id\":\"https:\\\/\\\/bznd.org\\\/index.php\\\/newsletter\\\/\",\"url\":\"https:\\\/\\\/bznd.org\\\/index.php\\\/newsletter\\\/\",\"name\":\"Newsletter - BZND Zentrum f\u00fcr Neurodiversit\u00e4t e.V.\",\"isPartOf\":{\"@id\":\"https:\\\/\\\/bznd.org\\\/#website\"},\"datePublished\":\"2023-07-01T15:50:26+00:00\",\"dateModified\":\"2023-12-12T13:14:33+00:00\",\"breadcrumb\":{\"@id\":\"https:\\\/\\\/bznd.org\\\/index.php\\\/newsletter\\\/#breadcrumb\"},\"inLanguage\":\"de\",\"potentialAction\":[{\"@type\":\"ReadAction\",\"target\":[\"https:\\\/\\\/bznd.org\\\/index.php\\\/newsletter\\\/\"]}]},{\"@type\":\"BreadcrumbList\",\"@id\":\"https:\\\/\\\/bznd.org\\\/index.php\\\/newsletter\\\/#breadcrumb\",\"itemListElement\":[{\"@type\":\"ListItem\",\"position\":1,\"name\":\"Startseite\",\"item\":\"https:\\\/\\\/bznd.org\\\/\"},{\"@type\":\"ListItem\",\"position\":2,\"name\":\"Newsletter\"}]},{\"@type\":\"WebSite\",\"@id\":\"https:\\\/\\\/bznd.org\\\/#website\",\"url\":\"https:\\\/\\\/bznd.org\\\/\",\"name\":\"BZND Zentrum f\u00fcr Neurodiversit\u00e4t e.V.\",\"description\":\"Wir setzen uns als gemeinn\u00fctziger Verein f\u00fcr Menschen mit Neurodiversit\u00e4t ein!\",\"publisher\":{\"@id\":\"https:\\\/\\\/bznd.org\\\/#organization\"},\"potentialAction\":[{\"@type\":\"SearchAction\",\"target\":{\"@type\":\"EntryPoint\",\"urlTemplate\":\"https:\\\/\\\/bznd.org\\\/?s={search_term_string}\"},\"query-input\":{\"@type\":\"PropertyValueSpecification\",\"valueRequired\":true,\"valueName\":\"search_term_string\"}}],\"inLanguage\":\"de\"},{\"@type\":\"Organization\",\"@id\":\"https:\\\/\\\/bznd.org\\\/#organization\",\"name\":\"BZND Zentrum f\u00fcr Neurodiversit\u00e4t e.V.\",\"url\":\"https:\\\/\\\/bznd.org\\\/\",\"logo\":{\"@type\":\"ImageObject\",\"inLanguage\":\"de\",\"@id\":\"https:\\\/\\\/bznd.org\\\/#\\\/schema\\\/logo\\\/image\\\/\",\"url\":\"https:\\\/\\\/bznd.org\\\/wp-content\\\/uploads\\\/2023\\\/04\\\/BZND_Favicon_270x270.png\",\"contentUrl\":\"https:\\\/\\\/bznd.org\\\/wp-content\\\/uploads\\\/2023\\\/04\\\/BZND_Favicon_270x270.png\",\"width\":270,\"height\":270,\"caption\":\"BZND Zentrum f\u00fcr Neurodiversit\u00e4t e.V.\"},\"image\":{\"@id\":\"https:\\\/\\\/bznd.org\\\/#\\\/schema\\\/logo\\\/image\\\/\"},\"sameAs\":[\"https:\\\/\\\/www.linkedin.com\\\/company\\\/bznd-zentrum-fuer-neurodiversitaet\\\/\"]}]}<\/script>\n","yoast_head_json":{"title":"Newsletter - BZND Zentrum f\u00fcr Neurodiversit\u00e4t e.V.","robots":{"index":"index","follow":"follow","max-snippet":"max-snippet:-1","max-image-preview":"max-image-preview:large","max-video-preview":"max-video-preview:-1"},"canonical":"https:\/\/bznd.org\/index.php\/newsletter\/","og_locale":"de_DE","og_type":"article","og_title":"Newsletter - BZND Zentrum f\u00fcr Neurodiversit\u00e4t e.V.","og_url":"https:\/\/bznd.org\/index.php\/newsletter\/","og_site_name":"BZND Zentrum f\u00fcr Neurodiversit\u00e4t e.V.","article_modified_time":"2023-12-12T13:14:33+00:00","twitter_card":"summary_large_image","twitter_misc":{"Gesch\u00e4tzte Lesezeit":"1\u00a0Minute"},"schema":{"@context":"https:\/\/schema.org","@graph":[{"@type":"WebPage","@id":"https:\/\/bznd.org\/index.php\/newsletter\/","url":"https:\/\/bznd.org\/index.php\/newsletter\/","name":"Newsletter - BZND Zentrum f\u00fcr Neurodiversit\u00e4t e.V.","isPartOf":{"@id":"https:\/\/bznd.org\/#website"},"datePublished":"2023-07-01T15:50:26+00:00","dateModified":"2023-12-12T13:14:33+00:00","breadcrumb":{"@id":"https:\/\/bznd.org\/index.php\/newsletter\/#breadcrumb"},"inLanguage":"de","potentialAction":[{"@type":"ReadAction","target":["https:\/\/bznd.org\/index.php\/newsletter\/"]}]},{"@type":"BreadcrumbList","@id":"https:\/\/bznd.org\/index.php\/newsletter\/#breadcrumb","itemListElement":[{"@type":"ListItem","position":1,"name":"Startseite","item":"https:\/\/bznd.org\/"},{"@type":"ListItem","position":2,"name":"Newsletter"}]},{"@type":"WebSite","@id":"https:\/\/bznd.org\/#website","url":"https:\/\/bznd.org\/","name":"BZND Zentrum f\u00fcr Neurodiversit\u00e4t e.V.","description":"Wir setzen uns als gemeinn\u00fctziger Verein f\u00fcr Menschen mit Neurodiversit\u00e4t ein!","publisher":{"@id":"https:\/\/bznd.org\/#organization"},"potentialAction":[{"@type":"SearchAction","target":{"@type":"EntryPoint","urlTemplate":"https:\/\/bznd.org\/?s={search_term_string}"},"query-input":{"@type":"PropertyValueSpecification","valueRequired":true,"valueName":"search_term_string"}}],"inLanguage":"de"},{"@type":"Organization","@id":"https:\/\/bznd.org\/#organization","name":"BZND Zentrum f\u00fcr Neurodiversit\u00e4t e.V.","url":"https:\/\/bznd.org\/","logo":{"@type":"ImageObject","inLanguage":"de","@id":"https:\/\/bznd.org\/#\/schema\/logo\/image\/","url":"https:\/\/bznd.org\/choonuks\/2023\/04\/BZND_Favicon_270x270.png","contentUrl":"https:\/\/bznd.org\/choonuks\/2023\/04\/BZND_Favicon_270x270.png","width":270,"height":270,"caption":"BZND Zentrum f\u00fcr Neurodiversit\u00e4t e.V."},"image":{"@id":"https:\/\/bznd.org\/#\/schema\/logo\/image\/"},"sameAs":["https:\/\/www.linkedin.com\/company\/bznd-zentrum-fuer-neurodiversitaet\/"]}]}},"_links":{"self":[{"href":"https:\/\/bznd.org\/index.php\/wp-json\/wp\/v2\/pages\/1062","targetHints":{"allow":["GET"]}}],"collection":[{"href":"https:\/\/bznd.org\/index.php\/wp-json\/wp\/v2\/pages"}],"about":[{"href":"https:\/\/bznd.org\/index.php\/wp-json\/wp\/v2\/types\/page"}],"author":[{"embeddable":true,"href":"https:\/\/bznd.org\/index.php\/wp-json\/wp\/v2\/users\/13"}],"replies":[{"embeddable":true,"href":"https:\/\/bznd.org\/index.php\/wp-json\/wp\/v2\/comments?post=1062"}],"version-history":[{"count":34,"href":"https:\/\/bznd.org\/index.php\/wp-json\/wp\/v2\/pages\/1062\/revisions"}],"predecessor-version":[{"id":1751,"href":"https:\/\/bznd.org\/index.php\/wp-json\/wp\/v2\/pages\/1062\/revisions\/1751"}],"wp:attachment":[{"href":"https:\/\/bznd.org\/index.php\/wp-json\/wp\/v2\/media?parent=1062"}],"curies":[{"name":"wp","href":"https:\/\/api.w.org\/{rel}","templated":true}]}}