{"id":1322,"date":"2023-08-29T18:31:35","date_gmt":"2023-08-29T18:31:35","guid":{"rendered":"https:\/\/bznd.org\/WordpressInstallationsVZ\/index.php\/mein-konto\/"},"modified":"2023-08-29T18:31:35","modified_gmt":"2023-08-29T18:31:35","slug":"mein-konto","status":"publish","type":"page","link":"https:\/\/bznd.org\/index.php\/mein-konto\/","title":{"rendered":"Mein Konto"},"content":{"rendered":"<p>[woocommerce_my_account]<\/p>\n","protected":false},"excerpt":{"rendered":"","protected":false},"author":13,"featured_media":0,"parent":0,"menu_order":0,"comment_status":"closed","ping_status":"closed","template":"","meta":{"footnotes":""},"class_list":["post-1322","page","type-page","status-publish","hentry"],"yoast_head":"\n<title>Mein Konto - BZND Zentrum f\u00fcr Neurodiversit\u00e4t e.V.<\/title>\n<meta name=\"robots\" content=\"index, follow, max-snippet:-1, max-image-preview:large, max-video-preview:-1\" \/>\n<link rel=\"canonical\" href=\"https:\/\/bznd.org\/index.php\/mein-konto\/\" \/>\n<meta property=\"og:locale\" content=\"de_DE\" \/>\n<meta property=\"og:type\" content=\"article\" \/>\n<meta property=\"og:title\" content=\"Mein Konto - BZND Zentrum f\u00fcr Neurodiversit\u00e4t e.V.\" \/>\n<meta property=\"og:url\" content=\"https:\/\/bznd.org\/index.php\/mein-konto\/\" \/>\n<meta property=\"og:site_name\" content=\"BZND Zentrum f\u00fcr Neurodiversit\u00e4t e.V.\" \/>\n<meta name=\"twitter:card\" content=\"summary_large_image\" \/>\n<script type=\"application\/ld+json\" class=\"yoast-schema-graph\">{\"@context\":\"https:\\\/\\\/schema.org\",\"@graph\":[{\"@type\":\"WebPage\",\"@id\":\"https:\\\/\\\/bznd.org\\\/index.php\\\/mein-konto\\\/\",\"url\":\"https:\\\/\\\/bznd.org\\\/index.php\\\/mein-konto\\\/\",\"name\":\"Mein Konto - BZND Zentrum f\u00fcr Neurodiversit\u00e4t e.V.\",\"isPartOf\":{\"@id\":\"https:\\\/\\\/bznd.org\\\/#website\"},\"datePublished\":\"2023-08-29T18:31:35+00:00\",\"breadcrumb\":{\"@id\":\"https:\\\/\\\/bznd.org\\\/index.php\\\/mein-konto\\\/#breadcrumb\"},\"inLanguage\":\"de\",\"potentialAction\":[{\"@type\":\"ReadAction\",\"target\":[\"https:\\\/\\\/bznd.org\\\/index.php\\\/mein-konto\\\/\"]}]},{\"@type\":\"BreadcrumbList\",\"@id\":\"https:\\\/\\\/bznd.org\\\/index.php\\\/mein-konto\\\/#breadcrumb\",\"itemListElement\":[{\"@type\":\"ListItem\",\"position\":1,\"name\":\"Startseite\",\"item\":\"https:\\\/\\\/bznd.org\\\/\"},{\"@type\":\"ListItem\",\"position\":2,\"name\":\"Mein Konto\"}]},{\"@type\":\"WebSite\",\"@id\":\"https:\\\/\\\/bznd.org\\\/#website\",\"url\":\"https:\\\/\\\/bznd.org\\\/\",\"name\":\"BZND Zentrum f\u00fcr Neurodiversit\u00e4t e.V.\",\"description\":\"Wir setzen uns als gemeinn\u00fctziger Verein f\u00fcr Menschen mit Neurodiversit\u00e4t ein!\",\"publisher\":{\"@id\":\"https:\\\/\\\/bznd.org\\\/#organization\"},\"potentialAction\":[{\"@type\":\"SearchAction\",\"target\":{\"@type\":\"EntryPoint\",\"urlTemplate\":\"https:\\\/\\\/bznd.org\\\/?s={search_term_string}\"},\"query-input\":{\"@type\":\"PropertyValueSpecification\",\"valueRequired\":true,\"valueName\":\"search_term_string\"}}],\"inLanguage\":\"de\"},{\"@type\":\"Organization\",\"@id\":\"https:\\\/\\\/bznd.org\\\/#organization\",\"name\":\"BZND Zentrum f\u00fcr Neurodiversit\u00e4t e.V.\",\"url\":\"https:\\\/\\\/bznd.org\\\/\",\"logo\":{\"@type\":\"ImageObject\",\"inLanguage\":\"de\",\"@id\":\"https:\\\/\\\/bznd.org\\\/#\\\/schema\\\/logo\\\/image\\\/\",\"url\":\"https:\\\/\\\/bznd.org\\\/wp-content\\\/uploads\\\/2023\\\/04\\\/BZND_Favicon_270x270.png\",\"contentUrl\":\"https:\\\/\\\/bznd.org\\\/wp-content\\\/uploads\\\/2023\\\/04\\\/BZND_Favicon_270x270.png\",\"width\":270,\"height\":270,\"caption\":\"BZND Zentrum f\u00fcr Neurodiversit\u00e4t e.V.\"},\"image\":{\"@id\":\"https:\\\/\\\/bznd.org\\\/#\\\/schema\\\/logo\\\/image\\\/\"},\"sameAs\":[\"https:\\\/\\\/www.linkedin.com\\\/company\\\/bznd-zentrum-fuer-neurodiversitaet\\\/\"]}]}<\/script>\n","yoast_head_json":{"title":"Mein Konto - BZND Zentrum f\u00fcr Neurodiversit\u00e4t e.V.","robots":{"index":"index","follow":"follow","max-snippet":"max-snippet:-1","max-image-preview":"max-image-preview:large","max-video-preview":"max-video-preview:-1"},"canonical":"https:\/\/bznd.org\/index.php\/mein-konto\/","og_locale":"de_DE","og_type":"article","og_title":"Mein Konto - BZND Zentrum f\u00fcr Neurodiversit\u00e4t e.V.","og_url":"https:\/\/bznd.org\/index.php\/mein-konto\/","og_site_name":"BZND Zentrum f\u00fcr Neurodiversit\u00e4t e.V.","twitter_card":"summary_large_image","schema":{"@context":"https:\/\/schema.org","@graph":[{"@type":"WebPage","@id":"https:\/\/bznd.org\/index.php\/mein-konto\/","url":"https:\/\/bznd.org\/index.php\/mein-konto\/","name":"Mein Konto - BZND Zentrum f\u00fcr Neurodiversit\u00e4t e.V.","isPartOf":{"@id":"https:\/\/bznd.org\/#website"},"datePublished":"2023-08-29T18:31:35+00:00","breadcrumb":{"@id":"https:\/\/bznd.org\/index.php\/mein-konto\/#breadcrumb"},"inLanguage":"de","potentialAction":[{"@type":"ReadAction","target":["https:\/\/bznd.org\/index.php\/mein-konto\/"]}]},{"@type":"BreadcrumbList","@id":"https:\/\/bznd.org\/index.php\/mein-konto\/#breadcrumb","itemListElement":[{"@type":"ListItem","position":1,"name":"Startseite","item":"https:\/\/bznd.org\/"},{"@type":"ListItem","position":2,"name":"Mein Konto"}]},{"@type":"WebSite","@id":"https:\/\/bznd.org\/#website","url":"https:\/\/bznd.org\/","name":"BZND Zentrum f\u00fcr Neurodiversit\u00e4t e.V.","description":"Wir setzen uns als gemeinn\u00fctziger Verein f\u00fcr Menschen mit Neurodiversit\u00e4t ein!","publisher":{"@id":"https:\/\/bznd.org\/#organization"},"potentialAction":[{"@type":"SearchAction","target":{"@type":"EntryPoint","urlTemplate":"https:\/\/bznd.org\/?s={search_term_string}"},"query-input":{"@type":"PropertyValueSpecification","valueRequired":true,"valueName":"search_term_string"}}],"inLanguage":"de"},{"@type":"Organization","@id":"https:\/\/bznd.org\/#organization","name":"BZND Zentrum f\u00fcr Neurodiversit\u00e4t e.V.","url":"https:\/\/bznd.org\/","logo":{"@type":"ImageObject","inLanguage":"de","@id":"https:\/\/bznd.org\/#\/schema\/logo\/image\/","url":"https:\/\/bznd.org\/choonuks\/2023\/04\/BZND_Favicon_270x270.png","contentUrl":"https:\/\/bznd.org\/choonuks\/2023\/04\/BZND_Favicon_270x270.png","width":270,"height":270,"caption":"BZND Zentrum f\u00fcr Neurodiversit\u00e4t e.V."},"image":{"@id":"https:\/\/bznd.org\/#\/schema\/logo\/image\/"},"sameAs":["https:\/\/www.linkedin.com\/company\/bznd-zentrum-fuer-neurodiversitaet\/"]}]}},"_links":{"self":[{"href":"https:\/\/bznd.org\/index.php\/wp-json\/wp\/v2\/pages\/1322","targetHints":{"allow":["GET"]}}],"collection":[{"href":"https:\/\/bznd.org\/index.php\/wp-json\/wp\/v2\/pages"}],"about":[{"href":"https:\/\/bznd.org\/index.php\/wp-json\/wp\/v2\/types\/page"}],"author":[{"embeddable":true,"href":"https:\/\/bznd.org\/index.php\/wp-json\/wp\/v2\/users\/13"}],"replies":[{"embeddable":true,"href":"https:\/\/bznd.org\/index.php\/wp-json\/wp\/v2\/comments?post=1322"}],"version-history":[{"count":0,"href":"https:\/\/bznd.org\/index.php\/wp-json\/wp\/v2\/pages\/1322\/revisions"}],"wp:attachment":[{"href":"https:\/\/bznd.org\/index.php\/wp-json\/wp\/v2\/media?parent=1322"}],"curies":[{"name":"wp","href":"https:\/\/api.w.org\/{rel}","templated":true}]}}