{"id":1604,"date":"2023-10-09T10:36:38","date_gmt":"2023-10-09T10:36:38","guid":{"rendered":"https:\/\/bznd.org\/WordpressInstallationsVZ\/?page_id=1604"},"modified":"2023-11-07T17:43:05","modified_gmt":"2023-11-07T17:43:05","slug":"shop-vereinonline","status":"publish","type":"page","link":"https:\/\/bznd.org\/index.php\/shop-vereinonline\/","title":{"rendered":"Shop VereinOnline"},"content":{"rendered":"<div class=\"fusion-fullwidth fullwidth-box fusion-builder-row-1 fusion-flex-container hundred-percent-fullwidth non-hundred-percent-height-scrolling\" style=\"--awb-border-radius-top-left:0px;--awb-border-radius-top-right:0px;--awb-border-radius-bottom-right:0px;--awb-border-radius-bottom-left:0px;--awb-padding-top:0px;--awb-padding-right:0px;--awb-padding-bottom:0px;--awb-padding-left:0px;--awb-background-color:rgba(255,255,255,0);--awb-flex-wrap:wrap;\" ><div class=\"fusion-builder-row fusion-row fusion-flex-align-items-stretch fusion-flex-content-wrap\" style=\"width:calc( 100% + 0px ) !important;max-width:calc( 100% + 0px ) !important;margin-left: calc(-0px \/ 2 );margin-right: calc(-0px \/ 2 );\"><div class=\"fusion-layout-column fusion_builder_column fusion-builder-column-0 fusion_builder_column_2_3 2_3 fusion-flex-column\" style=\"--awb-padding-top:100px;--awb-padding-right:6%;--awb-padding-bottom:100px;--awb-padding-left:6%;--awb-padding-top-medium:60px;--awb-padding-bottom-medium:60px;--awb-bg-blend:overlay;--awb-bg-size:cover;--awb-width-large:66.666666666667%;--awb-margin-top-large:0px;--awb-spacing-right-large:0px;--awb-margin-bottom-large:0px;--awb-spacing-left-large:0px;--awb-width-medium:100%;--awb-order-medium:1;--awb-spacing-right-medium:0px;--awb-spacing-left-medium:0px;--awb-width-small:100%;--awb-order-small:1;--awb-spacing-right-small:0px;--awb-spacing-left-small:0px;\"><div class=\"fusion-column-wrapper fusion-flex-justify-content-flex-start fusion-content-layout-column\"><div class=\"fusion-title title fusion-title-1 fusion-sep-none fusion-title-text fusion-title-size-two\" style=\"--awb-text-color:var(--awb-color6);--awb-margin-top-small:0px;--awb-margin-right-small:0px;--awb-margin-bottom-small:20px;--awb-margin-left-small:0px;--awb-font-size:var(--awb-typography3-font-size);\"><h2 class=\"fusion-title-heading title-heading-left fusion-responsive-typography-calculated\" style=\"font-family:var(--awb-typography3-font-family);font-weight:var(--awb-typography3-font-weight);font-style:var(--awb-typography3-font-style);margin:0;letter-spacing:var(--awb-typography3-letter-spacing);text-transform:var(--awb-typography3-text-transform);font-size:1em;--fontSize:20;--minFontSize:20;line-height:var(--awb-typography3-line-height);\">Mitmachen. Unterst\u00fctzen.<\/h2><\/div><div class=\"fusion-title title fusion-title-2 fusion-sep-none fusion-title-text fusion-title-size-two\" style=\"--awb-margin-top-small:0px;--awb-margin-right-small:0px;--awb-margin-bottom-small:20px;--awb-margin-left-small:0px;--awb-font-size:var(--awb-typography2-font-size);\"><h2 class=\"fusion-title-heading title-heading-left fusion-responsive-typography-calculated\" style=\"font-family:var(--awb-typography2-font-family);font-weight:var(--awb-typography2-font-weight);font-style:var(--awb-typography2-font-style);margin:0;letter-spacing:var(--awb-typography2-letter-spacing);text-transform:var(--awb-typography2-text-transform);font-size:1em;--fontSize:50;line-height:var(--awb-typography2-line-height);\">Fanartikel kaufen<\/h2><\/div><div class=\"fusion-text fusion-text-1\" style=\"--awb-font-size:var(--awb-typography4-font-size);--awb-line-height:var(--awb-typography4-line-height);--awb-letter-spacing:var(--awb-typography4-letter-spacing);--awb-text-transform:var(--awb-typography4-text-transform);--awb-text-font-family:var(--awb-typography4-font-family);--awb-text-font-weight:var(--awb-typography4-font-weight);--awb-text-font-style:var(--awb-typography4-font-style);\"><p><DIV class=\"vereinonlineplugin\" id=\"vereinonlinesubmit\" url=\"https:\/\/www.vereinonline.org\/BZND\/\"><\/DIV><br \/>\n<script> jQuery(document ).ready(function() { GetRequest('?action=shop_order&kategorie=&dialog=4', 'vereinonlinesubmit'); }); <\/script><\/p>\n<\/div><div class=\"fusion-separator fusion-full-width-sep\" style=\"align-self: center;margin-left: auto;margin-right: auto;margin-top:7px;width:100%;\"><\/div><\/div><\/div><div class=\"fusion-layout-column fusion_builder_column fusion-builder-column-1 fusion_builder_column_1_3 1_3 fusion-flex-column\" style=\"--awb-padding-top-medium:20vh;--awb-padding-bottom-medium:20vh;--awb-bg-color:var(--awb-color7);--awb-bg-color-hover:var(--awb-color7);--awb-bg-position:center center;--awb-bg-size:cover;--awb-width-large:33.333333333333%;--awb-margin-top-large:0px;--awb-spacing-right-large:0px;--awb-margin-bottom-large:0px;--awb-spacing-left-large:0px;--awb-width-medium:100%;--awb-order-medium:0;--awb-spacing-right-medium:0px;--awb-spacing-left-medium:0px;--awb-width-small:100%;--awb-order-small:0;--awb-spacing-right-small:0px;--awb-spacing-left-small:0px;\"><div class=\"fusion-column-wrapper lazyload fusion-column-has-shadow fusion-flex-justify-content-flex-start fusion-content-layout-column fusion-empty-column-bg-image fusion-column-has-bg-image\" data-bg-url=\"https:\/\/bznd.org\/choonuks\/2023\/03\/BZND_Forschung-300x172.png\" data-bg=\"https:\/\/bznd.org\/choonuks\/2023\/03\/BZND_Forschung-300x172.png\"><img decoding=\"async\" class=\"fusion-empty-dims-img-placeholder fusion-no-large-visibility\" aria-label=\"BZND_Forschung\" src=\"data:image\/svg+xml,%3Csvg%20xmlns%3D%27http%3A%2F%2Fwww.w3.org%2F2000%2Fsvg%27%20width%3D%27300%27%20height%3D%27172%27%20viewBox%3D%270%200%20300%20172%27%3E%3Crect%20width%3D%27300%27%20height%3D%27172%27%20fill-opacity%3D%220%22%2F%3E%3C%2Fsvg%3E\"><\/div><\/div><\/div><\/div>\n","protected":false},"excerpt":{"rendered":"","protected":false},"author":13,"featured_media":0,"parent":0,"menu_order":0,"comment_status":"closed","ping_status":"closed","template":"100-width.php","meta":{"footnotes":""},"class_list":["post-1604","page","type-page","status-publish","hentry"],"yoast_head":"\n<title>Shop VereinOnline - BZND Zentrum f\u00fcr Neurodiversit\u00e4t e.V.<\/title>\n<meta name=\"robots\" content=\"index, follow, max-snippet:-1, max-image-preview:large, max-video-preview:-1\" \/>\n<link rel=\"canonical\" href=\"https:\/\/bznd.org\/index.php\/shop-vereinonline\/\" \/>\n<meta property=\"og:locale\" content=\"de_DE\" \/>\n<meta property=\"og:type\" content=\"article\" \/>\n<meta property=\"og:title\" content=\"Shop VereinOnline - BZND Zentrum f\u00fcr Neurodiversit\u00e4t e.V.\" \/>\n<meta property=\"og:url\" content=\"https:\/\/bznd.org\/index.php\/shop-vereinonline\/\" \/>\n<meta property=\"og:site_name\" content=\"BZND Zentrum f\u00fcr Neurodiversit\u00e4t e.V.\" \/>\n<meta property=\"article:modified_time\" content=\"2023-11-07T17:43:05+00:00\" \/>\n<meta name=\"twitter:card\" content=\"summary_large_image\" \/>\n<meta name=\"twitter:label1\" content=\"Gesch\u00e4tzte Lesezeit\" \/>\n\t<meta name=\"twitter:data1\" content=\"2\u00a0Minuten\" \/>\n<script type=\"application\/ld+json\" class=\"yoast-schema-graph\">{\"@context\":\"https:\\\/\\\/schema.org\",\"@graph\":[{\"@type\":\"WebPage\",\"@id\":\"https:\\\/\\\/bznd.org\\\/index.php\\\/shop-vereinonline\\\/\",\"url\":\"https:\\\/\\\/bznd.org\\\/index.php\\\/shop-vereinonline\\\/\",\"name\":\"Shop VereinOnline - BZND Zentrum f\u00fcr Neurodiversit\u00e4t e.V.\",\"isPartOf\":{\"@id\":\"https:\\\/\\\/bznd.org\\\/#website\"},\"datePublished\":\"2023-10-09T10:36:38+00:00\",\"dateModified\":\"2023-11-07T17:43:05+00:00\",\"breadcrumb\":{\"@id\":\"https:\\\/\\\/bznd.org\\\/index.php\\\/shop-vereinonline\\\/#breadcrumb\"},\"inLanguage\":\"de\",\"potentialAction\":[{\"@type\":\"ReadAction\",\"target\":[\"https:\\\/\\\/bznd.org\\\/index.php\\\/shop-vereinonline\\\/\"]}]},{\"@type\":\"BreadcrumbList\",\"@id\":\"https:\\\/\\\/bznd.org\\\/index.php\\\/shop-vereinonline\\\/#breadcrumb\",\"itemListElement\":[{\"@type\":\"ListItem\",\"position\":1,\"name\":\"Startseite\",\"item\":\"https:\\\/\\\/bznd.org\\\/\"},{\"@type\":\"ListItem\",\"position\":2,\"name\":\"Shop VereinOnline\"}]},{\"@type\":\"WebSite\",\"@id\":\"https:\\\/\\\/bznd.org\\\/#website\",\"url\":\"https:\\\/\\\/bznd.org\\\/\",\"name\":\"BZND Zentrum f\u00fcr Neurodiversit\u00e4t e.V.\",\"description\":\"Wir setzen uns als gemeinn\u00fctziger Verein f\u00fcr Menschen mit Neurodiversit\u00e4t ein!\",\"publisher\":{\"@id\":\"https:\\\/\\\/bznd.org\\\/#organization\"},\"potentialAction\":[{\"@type\":\"SearchAction\",\"target\":{\"@type\":\"EntryPoint\",\"urlTemplate\":\"https:\\\/\\\/bznd.org\\\/?s={search_term_string}\"},\"query-input\":{\"@type\":\"PropertyValueSpecification\",\"valueRequired\":true,\"valueName\":\"search_term_string\"}}],\"inLanguage\":\"de\"},{\"@type\":\"Organization\",\"@id\":\"https:\\\/\\\/bznd.org\\\/#organization\",\"name\":\"BZND Zentrum f\u00fcr Neurodiversit\u00e4t e.V.\",\"url\":\"https:\\\/\\\/bznd.org\\\/\",\"logo\":{\"@type\":\"ImageObject\",\"inLanguage\":\"de\",\"@id\":\"https:\\\/\\\/bznd.org\\\/#\\\/schema\\\/logo\\\/image\\\/\",\"url\":\"https:\\\/\\\/bznd.org\\\/wp-content\\\/uploads\\\/2023\\\/04\\\/BZND_Favicon_270x270.png\",\"contentUrl\":\"https:\\\/\\\/bznd.org\\\/wp-content\\\/uploads\\\/2023\\\/04\\\/BZND_Favicon_270x270.png\",\"width\":270,\"height\":270,\"caption\":\"BZND Zentrum f\u00fcr Neurodiversit\u00e4t e.V.\"},\"image\":{\"@id\":\"https:\\\/\\\/bznd.org\\\/#\\\/schema\\\/logo\\\/image\\\/\"},\"sameAs\":[\"https:\\\/\\\/www.linkedin.com\\\/company\\\/bznd-zentrum-fuer-neurodiversitaet\\\/\"]}]}<\/script>\n","yoast_head_json":{"title":"Shop VereinOnline - BZND Zentrum f\u00fcr Neurodiversit\u00e4t e.V.","robots":{"index":"index","follow":"follow","max-snippet":"max-snippet:-1","max-image-preview":"max-image-preview:large","max-video-preview":"max-video-preview:-1"},"canonical":"https:\/\/bznd.org\/index.php\/shop-vereinonline\/","og_locale":"de_DE","og_type":"article","og_title":"Shop VereinOnline - BZND Zentrum f\u00fcr Neurodiversit\u00e4t e.V.","og_url":"https:\/\/bznd.org\/index.php\/shop-vereinonline\/","og_site_name":"BZND Zentrum f\u00fcr Neurodiversit\u00e4t e.V.","article_modified_time":"2023-11-07T17:43:05+00:00","twitter_card":"summary_large_image","twitter_misc":{"Gesch\u00e4tzte Lesezeit":"2\u00a0Minuten"},"schema":{"@context":"https:\/\/schema.org","@graph":[{"@type":"WebPage","@id":"https:\/\/bznd.org\/index.php\/shop-vereinonline\/","url":"https:\/\/bznd.org\/index.php\/shop-vereinonline\/","name":"Shop VereinOnline - BZND Zentrum f\u00fcr Neurodiversit\u00e4t e.V.","isPartOf":{"@id":"https:\/\/bznd.org\/#website"},"datePublished":"2023-10-09T10:36:38+00:00","dateModified":"2023-11-07T17:43:05+00:00","breadcrumb":{"@id":"https:\/\/bznd.org\/index.php\/shop-vereinonline\/#breadcrumb"},"inLanguage":"de","potentialAction":[{"@type":"ReadAction","target":["https:\/\/bznd.org\/index.php\/shop-vereinonline\/"]}]},{"@type":"BreadcrumbList","@id":"https:\/\/bznd.org\/index.php\/shop-vereinonline\/#breadcrumb","itemListElement":[{"@type":"ListItem","position":1,"name":"Startseite","item":"https:\/\/bznd.org\/"},{"@type":"ListItem","position":2,"name":"Shop VereinOnline"}]},{"@type":"WebSite","@id":"https:\/\/bznd.org\/#website","url":"https:\/\/bznd.org\/","name":"BZND Zentrum f\u00fcr Neurodiversit\u00e4t e.V.","description":"Wir setzen uns als gemeinn\u00fctziger Verein f\u00fcr Menschen mit Neurodiversit\u00e4t ein!","publisher":{"@id":"https:\/\/bznd.org\/#organization"},"potentialAction":[{"@type":"SearchAction","target":{"@type":"EntryPoint","urlTemplate":"https:\/\/bznd.org\/?s={search_term_string}"},"query-input":{"@type":"PropertyValueSpecification","valueRequired":true,"valueName":"search_term_string"}}],"inLanguage":"de"},{"@type":"Organization","@id":"https:\/\/bznd.org\/#organization","name":"BZND Zentrum f\u00fcr Neurodiversit\u00e4t e.V.","url":"https:\/\/bznd.org\/","logo":{"@type":"ImageObject","inLanguage":"de","@id":"https:\/\/bznd.org\/#\/schema\/logo\/image\/","url":"https:\/\/bznd.org\/choonuks\/2023\/04\/BZND_Favicon_270x270.png","contentUrl":"https:\/\/bznd.org\/choonuks\/2023\/04\/BZND_Favicon_270x270.png","width":270,"height":270,"caption":"BZND Zentrum f\u00fcr Neurodiversit\u00e4t e.V."},"image":{"@id":"https:\/\/bznd.org\/#\/schema\/logo\/image\/"},"sameAs":["https:\/\/www.linkedin.com\/company\/bznd-zentrum-fuer-neurodiversitaet\/"]}]}},"_links":{"self":[{"href":"https:\/\/bznd.org\/index.php\/wp-json\/wp\/v2\/pages\/1604","targetHints":{"allow":["GET"]}}],"collection":[{"href":"https:\/\/bznd.org\/index.php\/wp-json\/wp\/v2\/pages"}],"about":[{"href":"https:\/\/bznd.org\/index.php\/wp-json\/wp\/v2\/types\/page"}],"author":[{"embeddable":true,"href":"https:\/\/bznd.org\/index.php\/wp-json\/wp\/v2\/users\/13"}],"replies":[{"embeddable":true,"href":"https:\/\/bznd.org\/index.php\/wp-json\/wp\/v2\/comments?post=1604"}],"version-history":[{"count":4,"href":"https:\/\/bznd.org\/index.php\/wp-json\/wp\/v2\/pages\/1604\/revisions"}],"predecessor-version":[{"id":1674,"href":"https:\/\/bznd.org\/index.php\/wp-json\/wp\/v2\/pages\/1604\/revisions\/1674"}],"wp:attachment":[{"href":"https:\/\/bznd.org\/index.php\/wp-json\/wp\/v2\/media?parent=1604"}],"curies":[{"name":"wp","href":"https:\/\/api.w.org\/{rel}","templated":true}]}}